{"id":428,"date":"2023-04-13T07:52:21","date_gmt":"2023-04-13T07:52:21","guid":{"rendered":"https:\/\/twind.io\/?page_id=428"},"modified":"2023-11-08T10:18:43","modified_gmt":"2023-11-08T10:18:43","slug":"precos","status":"publish","type":"page","link":"https:\/\/twind.io\/pt\/precos\/","title":{"rendered":"Pre\u00e7os"},"content":{"rendered":"<h1 style=\"text-align: center;\">Twind <span style=\"--tcb-applied-color: var$(--tcb-color-4) !important; color: var(--tcb-color-4) !important;\">p<\/span><strong><span style=\"color: var(--tcb-color-4) !important; --tcb-applied-color: var$(--tcb-color-4) !important;\">re\u00e7os<\/span><\/strong><\/h1>\n<p style=\"text-align: center;\">Pacotes \u00e0 medida para todos os tipos de empresas&nbsp;<\/p>\n<p><a href=\"#\" style=\"\"><span style=\"\"><span style=\"\">Pricing<\/span><\/span><\/a><\/p>\n<h4 style=\"text-align: left;\"><\/h4>\n<p style=\"text-align: left;\">\n<p style=\"text-align: left;\">\n<p style=\"text-align: left;\"><strong><span data-contrast=\"auto\" lang=\"PT-PT\">VARI\u00c1VEIS INCLU\u00cdDAS<\/span><\/strong><\/p>\n<p style=\"text-align: left;\"><strong>VARIABLES&nbsp;<\/strong><\/p>\n<p style=\"text-align: left;\"><strong>Usuarios<\/strong><\/p>\n<p style=\"text-align: left;\"><strong><span data-contrast=\"auto\" lang=\"PT-PT\">Utilizadores<\/span><span data-contrast=\"auto\" lang=\"ES-ES\"><\/span><\/strong><\/p>\n<p style=\"text-align: left;\"><strong><span data-contrast=\"auto\" lang=\"PT-PT\">Empresas<\/span><\/strong><\/p>\n<p style=\"text-align: left; color: var(--tcb-color-1) !important; --tcb-applied-color: var$(--tcb-color-1) !important;\"><strong><span data-contrast=\"auto\" lang=\"PT-PT\">Centros de trabalho<\/span><\/strong><\/p>\n<p style=\"text-align: left;\"><strong>APIs<\/strong><\/p>\n<p style=\"text-align: left;\"><strong><span data-contrast=\"auto\" lang=\"PT-PT\">SERVI\u00c7O<\/span><span data-ccp-props=\"{&quot;201341983&quot;:0,&quot;335559739&quot;:160,&quot;335559740&quot;:259}\">&nbsp;<\/span><\/strong><\/p>\n<p style=\"text-align: left;\"><strong><span data-contrast=\"auto\" lang=\"PT-PT\">Apoio ao utilizador<\/span><\/strong><\/p>\n<p style=\"text-align: left;\"><strong><span data-contrast=\"auto\" lang=\"PT-PT\">Atendimento ao subcontratado<\/span><span data-contrast=\"auto\" lang=\"PT-PT\"><\/span><\/strong><\/p>\n<p style=\"\">\n<h4 style=\"text-align: center;\">LITE<\/h4>\n<p style=\"text-align: center;\">Consolide todas as empresas do seu grupo setorial<\/p>\n<p style=\"text-align: center;\"><strong><span data-contrast=\"auto\" lang=\"PT-PT\">VARI\u00c1VEIS INCLU\u00cdDAS<\/span><\/strong><\/p>\n<p style=\"text-align: center;\"><strong><span data-contrast=\"auto\" lang=\"PT-PT\">Utilizadores<\/span><\/strong><\/p>\n<p style=\"text-align: center;\"><strong>Ilimitados<\/strong><\/p>\n<p style=\"text-align: center;\"><strong><span data-contrast=\"auto\" lang=\"PT-PT\">Empresas<\/span><\/strong><\/p>\n<p style=\"\">1<\/p>\n<p style=\"text-align: center; color: var(--tcb-color-1) !important; --tcb-applied-color: var$(--tcb-color-1) !important;\"><strong><span data-contrast=\"auto\" lang=\"PT-PT\">Centros de trabalho<\/span><\/strong><\/p>\n<p style=\"\">1<\/p>\n<p style=\"text-align: center;\"><strong>APIs<\/strong><\/p>\n<p style=\"\"><span data-contrast=\"auto\" lang=\"PT-PT\">N\u00e3o dispon\u00edvel<\/span><\/p>\n<p style=\"\">\n<p style=\"text-align: center;\"><strong><span data-contrast=\"auto\" lang=\"PT-PT\">SERVI\u00c7O<\/span><span data-ccp-props=\"{&quot;201341983&quot;:0,&quot;335559739&quot;:160,&quot;335559740&quot;:259}\">&nbsp;<\/span><\/strong><\/p>\n<p style=\"text-align: center;\"><strong><span data-contrast=\"auto\" lang=\"PT-PT\">Apoio ao utilizador<\/span><\/strong><\/p>\n<p style=\"\"><span style=\"\"><span data-contrast=\"auto\" lang=\"PT-PT\">Atendimento das 9 \u00e0s 15h<\/span><span data-ccp-props=\"{&quot;201341983&quot;:0,&quot;335559739&quot;:160,&quot;335559740&quot;:259}\">&nbsp;<\/span><\/span><\/p>\n<p style=\"\"><span style=\"\">Email e Chat<\/span><\/p>\n<p style=\"text-align: center;\"><strong><span data-contrast=\"auto\" lang=\"PT-PT\">Atendimento ao subcontratado<\/span><span data-contrast=\"auto\" lang=\"PT-PT\"><\/span><\/strong><\/p>\n<p style=\"\"><span data-contrast=\"auto\" lang=\"PT-PT\">N\u00e3o dispon\u00edvel<\/span><\/p>\n<p style=\"\">\n<p style=\"text-align: center;\"><strong>Popular<\/strong><\/p>\n<h4 style=\"text-align: center;\">PRO<\/h4>\n<p style=\"text-align: center;\">Obtenha uma vis\u00e3o abrangente entre v\u00e1rias geografias<\/p>\n<p style=\"text-align: center;\"><strong><strong><span data-contrast=\"auto\" lang=\"PT-PT\">VARI\u00c1VEIS INCLU\u00cdDAS<\/span><\/strong><\/strong><\/p>\n<p style=\"text-align: center;\"><strong><strong><span data-contrast=\"auto\" lang=\"PT-PT\">Utilizadores<\/span><\/strong><\/strong><\/p>\n<p style=\"\"><strong>Ilimitados<\/strong><\/p>\n<p style=\"text-align: center;\"><strong><strong><span data-contrast=\"auto\" lang=\"PT-PT\">Empresas<\/span><\/strong><\/strong><\/p>\n<p style=\"\"><strong><span style=\"font-size: 15px;\">1<\/span><\/strong><strong><\/strong><\/p>\n<p style=\"text-align: center; color: var(--tcb-color-1) !important; --tcb-applied-color: var$(--tcb-color-1) !important;\"><strong><span data-contrast=\"auto\" lang=\"PT-PT\">Centros de trabalho<\/span><\/strong><\/p>\n<p style=\"\"><strong>1-3<\/strong><\/p>\n<p style=\"text-align: center;\"><strong>APIs<\/strong><\/p>\n<p style=\"\"><strong><span data-contrast=\"auto\" lang=\"PT-PT\">Padr\u00e3o (sem suporte)<\/span><\/strong><\/p>\n<p style=\"\">\n<p style=\"text-align: center;\"><strong><span data-contrast=\"auto\" lang=\"PT-PT\">SERVI\u00c7O<\/span><span data-ccp-props=\"{&quot;201341983&quot;:0,&quot;335559739&quot;:160,&quot;335559740&quot;:259}\">&nbsp;<\/span><\/strong><\/p>\n<p style=\"text-align: center;\"><strong><span data-contrast=\"auto\" lang=\"PT-PT\">Apoio ao utilizador<\/span><\/strong><\/p>\n<p style=\"\"><span style=\"font-size: 15px;\"><span data-contrast=\"auto\" lang=\"PT-PT\">Atendimento das 9 \u00e0s 19h<\/span><\/span><\/p>\n<p style=\"\"><span style=\"font-size: 15px;\"><span data-contrast=\"auto\" lang=\"PT-PT\">Email e Chat (Exclu\u00ed APIs)<\/span><span data-contrast=\"auto\" lang=\"ES-ES\"><\/span><\/span><\/p>\n<p style=\"text-align: center;\"><strong><span data-contrast=\"auto\" lang=\"PT-PT\">Atendimento ao subcontratado<\/span><span data-contrast=\"auto\" lang=\"PT-PT\"><\/span><\/strong><\/p>\n<p style=\"\"><span style=\"font-size: 15px;\"><span data-contrast=\"auto\" lang=\"PT-PT\">Apoio ao contratante via email<\/span><\/span><\/p>\n<p style=\"\"><span style=\"font-size: 15px;\"><span data-contrast=\"auto\" lang=\"PT-PT\">&nbsp;(SLA 24H)<\/span><\/span><\/p>\n<h4 style=\"text-align: center;\">PREMIUM<\/h4>\n<p style=\"text-align: center;\"><span data-contrast=\"auto\" lang=\"PT-PT\">Adicione todos os seus locais por pa\u00eds e empresa<\/span><\/p>\n<p style=\"text-align: center;\"><strong><strong><span data-contrast=\"auto\" lang=\"PT-PT\">VARI\u00c1VEIS INCLU\u00cdDAS<\/span><\/strong><\/strong><\/p>\n<p style=\"text-align: center;\"><strong><strong><span data-contrast=\"auto\" lang=\"PT-PT\">Utilizadores<\/span><\/strong><\/strong><\/p>\n<p style=\"\"><strong>Ilimitados<\/strong><\/p>\n<p style=\"text-align: center;\"><strong><strong><span data-contrast=\"auto\" lang=\"PT-PT\">Empresas<\/span><\/strong><\/strong><\/p>\n<p style=\"\"><strong>Ilimitados<\/strong><\/p>\n<p style=\"text-align: center; color: var(--tcb-color-1) !important; --tcb-applied-color: var$(--tcb-color-1) !important;\"><strong><span data-contrast=\"auto\" lang=\"PT-PT\">Centros de trabalho<\/span><\/strong><\/p>\n<p style=\"\"><strong>Ilimitados<\/strong><\/p>\n<p style=\"text-align: center;\"><strong>APIs<\/strong><\/p>\n<p style=\"\"><strong>Personalizadas<\/strong><\/p>\n<p style=\"\">\n<p style=\"text-align: center;\"><strong><span data-contrast=\"auto\" lang=\"PT-PT\">SERVI\u00c7O<\/span><span data-ccp-props=\"{&quot;201341983&quot;:0,&quot;335559739&quot;:160,&quot;335559740&quot;:259}\">\u200b<\/span><\/strong><\/p>\n<p style=\"text-align: center;\"><strong><span data-contrast=\"auto\" lang=\"PT-PT\">Apoio ao utilizador<\/span><\/strong><\/p>\n<p style=\"\"><span style=\"font-size: 15px;\"><span data-contrast=\"auto\" lang=\"PT-PT\">&nbsp; Atendimento das 9 \u00e0s 19h<\/span><\/span><\/p>\n<p style=\"\"><span style=\"font-size: 15px;\"><span data-contrast=\"auto\" lang=\"PT-PT\">&nbsp; Email, Chat e Telefone<\/span><\/span><\/p>\n<p style=\"text-align: center;\"><strong><span data-contrast=\"auto\" lang=\"PT-PT\">Atendimento ao subcontratado<\/span><span data-contrast=\"auto\" lang=\"PT-PT\"><\/span><\/strong><\/p>\n<p style=\"\">Apoio ao contratante por email, Chat e telefone (SLA 24h)<\/p>\n","protected":false},"excerpt":{"rendered":"<p>Twind pre\u00e7os Pacotes \u00e0 medida para todos os tipos de empresas&nbsp; Pricing VARI\u00c1VEIS INCLU\u00cdDAS VARIABLES&nbsp; Usuarios Utilizadores Empresas Centros de trabalho APIs SERVI\u00c7O&nbsp; Apoio ao utilizador Atendimento ao subcontratado LITE Consolide todas as empresas do seu grupo setorial VARI\u00c1VEIS INCLU\u00cdDAS Utilizadores Ilimitados Empresas 1 Centros de trabalho 1 APIs N\u00e3o dispon\u00edvel SERVI\u00c7O&nbsp; Apoio ao utilizador [&hellip;]<\/p>\n","protected":false},"author":1,"featured_media":0,"parent":0,"menu_order":0,"comment_status":"closed","ping_status":"closed","template":"","meta":{"content-type":"","footnotes":""},"class_list":["post-428","page","type-page","status-publish","hentry","post-wrapper","thrv_wrapper"],"yoast_head":"<!-- This site is optimized with the Yoast SEO plugin v27.2 - https:\/\/yoast.com\/product\/yoast-seo-wordpress\/ -->\n<title>Pre\u00e7os - Twind - Software Gest\u00e3o Documental de Fornecedores<\/title>\n<meta name=\"description\" content=\"Pre\u00e7os - Twind - Software Gest\u00e3o Documental de Fornecedores\" \/>\n<meta name=\"robots\" content=\"index, follow, max-snippet:-1, max-image-preview:large, max-video-preview:-1\" \/>\n<link rel=\"canonical\" href=\"https:\/\/twind.io\/pt\/precos\/\" \/>\n<meta property=\"og:locale\" content=\"pt_PT\" \/>\n<meta property=\"og:type\" content=\"article\" \/>\n<meta property=\"og:title\" content=\"Pre\u00e7os - Twind - Software Gest\u00e3o Documental de Fornecedores\" \/>\n<meta property=\"og:description\" content=\"Pre\u00e7os - Twind - Software Gest\u00e3o Documental de Fornecedores\" \/>\n<meta property=\"og:url\" content=\"https:\/\/twind.io\/pt\/precos\/\" \/>\n<meta property=\"og:site_name\" content=\"Software Gest\u00e3o Documental de Fornecedores\" \/>\n<meta property=\"article:modified_time\" content=\"2023-11-08T10:18:43+00:00\" \/>\n<meta name=\"twitter:card\" content=\"summary_large_image\" \/>\n<meta name=\"twitter:label1\" content=\"Tempo estimado de leitura\" \/>\n\t<meta name=\"twitter:data1\" content=\"1 minuto\" \/>\n<script type=\"application\/ld+json\" class=\"yoast-schema-graph\">{\"@context\":\"https:\/\/schema.org\",\"@graph\":[{\"@type\":\"WebPage\",\"@id\":\"https:\/\/twind.io\/pt\/precos\/\",\"url\":\"https:\/\/twind.io\/pt\/precos\/\",\"name\":\"Pre\u00e7os - Twind - Software Gest\u00e3o Documental de Fornecedores\",\"isPartOf\":{\"@id\":\"https:\/\/twind.io\/pt\/#website\"},\"datePublished\":\"2023-04-13T07:52:21+00:00\",\"dateModified\":\"2023-11-08T10:18:43+00:00\",\"description\":\"Pre\u00e7os - Twind - Software Gest\u00e3o Documental de Fornecedores\",\"breadcrumb\":{\"@id\":\"https:\/\/twind.io\/pt\/precos\/#breadcrumb\"},\"inLanguage\":\"pt-PT\",\"potentialAction\":[{\"@type\":\"ReadAction\",\"target\":[\"https:\/\/twind.io\/pt\/precos\/\"]}]},{\"@type\":\"BreadcrumbList\",\"@id\":\"https:\/\/twind.io\/pt\/precos\/#breadcrumb\",\"itemListElement\":[{\"@type\":\"ListItem\",\"position\":1,\"name\":\"Portada\",\"item\":\"https:\/\/twind.io\/pt\/\"},{\"@type\":\"ListItem\",\"position\":2,\"name\":\"Pre\u00e7os\"}]},{\"@type\":\"WebSite\",\"@id\":\"https:\/\/twind.io\/pt\/#website\",\"url\":\"https:\/\/twind.io\/pt\/\",\"name\":\"Software Gest\u00e3o Documental de Fornecedores\",\"description\":\"Software Gest\u00e3o Documental de Fornecedores e preven\u00e7\u00e3o da seguran\u00e7a e da sa\u00fade no trabalho\",\"potentialAction\":[{\"@type\":\"SearchAction\",\"target\":{\"@type\":\"EntryPoint\",\"urlTemplate\":\"https:\/\/twind.io\/pt\/?s={search_term_string}\"},\"query-input\":{\"@type\":\"PropertyValueSpecification\",\"valueRequired\":true,\"valueName\":\"search_term_string\"}}],\"inLanguage\":\"pt-PT\"}]}<\/script>\n<!-- \/ Yoast SEO plugin. -->","yoast_head_json":{"title":"Pre\u00e7os - Twind - Software Gest\u00e3o Documental de Fornecedores","description":"Pre\u00e7os - Twind - Software Gest\u00e3o Documental de Fornecedores","robots":{"index":"index","follow":"follow","max-snippet":"max-snippet:-1","max-image-preview":"max-image-preview:large","max-video-preview":"max-video-preview:-1"},"canonical":"https:\/\/twind.io\/pt\/precos\/","og_locale":"pt_PT","og_type":"article","og_title":"Pre\u00e7os - Twind - Software Gest\u00e3o Documental de Fornecedores","og_description":"Pre\u00e7os - Twind - Software Gest\u00e3o Documental de Fornecedores","og_url":"https:\/\/twind.io\/pt\/precos\/","og_site_name":"Software Gest\u00e3o Documental de Fornecedores","article_modified_time":"2023-11-08T10:18:43+00:00","twitter_card":"summary_large_image","twitter_misc":{"Tempo estimado de leitura":"1 minuto"},"schema":{"@context":"https:\/\/schema.org","@graph":[{"@type":"WebPage","@id":"https:\/\/twind.io\/pt\/precos\/","url":"https:\/\/twind.io\/pt\/precos\/","name":"Pre\u00e7os - Twind - Software Gest\u00e3o Documental de Fornecedores","isPartOf":{"@id":"https:\/\/twind.io\/pt\/#website"},"datePublished":"2023-04-13T07:52:21+00:00","dateModified":"2023-11-08T10:18:43+00:00","description":"Pre\u00e7os - Twind - Software Gest\u00e3o Documental de Fornecedores","breadcrumb":{"@id":"https:\/\/twind.io\/pt\/precos\/#breadcrumb"},"inLanguage":"pt-PT","potentialAction":[{"@type":"ReadAction","target":["https:\/\/twind.io\/pt\/precos\/"]}]},{"@type":"BreadcrumbList","@id":"https:\/\/twind.io\/pt\/precos\/#breadcrumb","itemListElement":[{"@type":"ListItem","position":1,"name":"Portada","item":"https:\/\/twind.io\/pt\/"},{"@type":"ListItem","position":2,"name":"Pre\u00e7os"}]},{"@type":"WebSite","@id":"https:\/\/twind.io\/pt\/#website","url":"https:\/\/twind.io\/pt\/","name":"Software Gest\u00e3o Documental de Fornecedores","description":"Software Gest\u00e3o Documental de Fornecedores e preven\u00e7\u00e3o da seguran\u00e7a e da sa\u00fade no trabalho","potentialAction":[{"@type":"SearchAction","target":{"@type":"EntryPoint","urlTemplate":"https:\/\/twind.io\/pt\/?s={search_term_string}"},"query-input":{"@type":"PropertyValueSpecification","valueRequired":true,"valueName":"search_term_string"}}],"inLanguage":"pt-PT"}]}},"_links":{"self":[{"href":"https:\/\/twind.io\/pt\/wp-json\/wp\/v2\/pages\/428","targetHints":{"allow":["GET"]}}],"collection":[{"href":"https:\/\/twind.io\/pt\/wp-json\/wp\/v2\/pages"}],"about":[{"href":"https:\/\/twind.io\/pt\/wp-json\/wp\/v2\/types\/page"}],"author":[{"embeddable":true,"href":"https:\/\/twind.io\/pt\/wp-json\/wp\/v2\/users\/1"}],"replies":[{"embeddable":true,"href":"https:\/\/twind.io\/pt\/wp-json\/wp\/v2\/comments?post=428"}],"version-history":[{"count":11,"href":"https:\/\/twind.io\/pt\/wp-json\/wp\/v2\/pages\/428\/revisions"}],"predecessor-version":[{"id":1407,"href":"https:\/\/twind.io\/pt\/wp-json\/wp\/v2\/pages\/428\/revisions\/1407"}],"wp:attachment":[{"href":"https:\/\/twind.io\/pt\/wp-json\/wp\/v2\/media?parent=428"}],"curies":[{"name":"wp","href":"https:\/\/api.w.org\/{rel}","templated":true}]}}