{"id":769,"date":"2023-04-27T11:53:20","date_gmt":"2023-04-27T11:53:20","guid":{"rendered":"https:\/\/twind.io\/mx\/?page_id=769"},"modified":"2025-12-01T12:49:31","modified_gmt":"2025-12-01T12:49:31","slug":"sobre-nos","status":"publish","type":"page","link":"https:\/\/twind.io\/pt\/sobre-nos\/","title":{"rendered":"Sobre N\u00f3s"},"content":{"rendered":"<h1 style=\"text-align: center;\"><strong><span style=\"color: var(--tcb-color-1); --tcb-applied-color: var$(--tcb-skin-color-0)  !important;\">Ajudamos a construir um processo de contrata\u00e7\u00e3o mais <\/span><span style=\"color: var(--tcb-color-4) !important; --tcb-applied-color: var$(--tcb-color-4) !important;\">seguro e sustent\u00e1vel<\/span><\/strong><\/h1>\n<h2 style=\"\"><span data-contrast=\"none\" lang=\"ES-ES\"><span data-contrast=\"none\" lang=\"ES-ES\">Por que o fazemos<\/span><\/span><\/h2>\n<p style=\"\"><span data-contrast=\"none\" lang=\"ES-ES\">Ser T\u00e9cnico de Seguran\u00e7a e Sa\u00fade de Trabalho \u00e9 um desafio constante: situa\u00e7\u00f5es de risco e alta responsabilidade, mudan\u00e7as na legisla\u00e7\u00e3o, fatores humanos, gest\u00e3o de pessoas, processos burocr\u00e1ticos, elevada press\u00e3o\u2026<\/span><\/p>\n<p style=\"\"><span data-contrast=\"none\" lang=\"ES-ES\">E tudo isto a partir de uma posi\u00e7\u00e3o muitas vezes mal compreendida, quase na sombra.<\/span><\/p>\n<p style=\"\"><span data-contrast=\"none\" lang=\"ES-ES\">Para n\u00f3s, o T\u00e9cnico de Seguran\u00e7a e Sa\u00fade no Trabalho \u00e9 um her\u00f3i, um l\u00edder a quem queremos ajudar a resolver problemas de forma inovadora, elevando o seu papel \u00e0 posi\u00e7\u00e3o reconhecida e admirada que merece.Por isso, a <strong>CTAIMA e a e-coordina evolu\u00edram juntas para te oferecer a primeira plataforma para a coordena\u00e7\u00e3o SST de trabalhos subcontratados de nova gera\u00e7\u00e3o em Espanha e Portugal. <\/strong>Uma solu\u00e7\u00e3o que combina mais de 20 anos de experi\u00eancia com tecnologia de ponta para simplificar a gest\u00e3o documental e garantir o cumprimento legal.<\/span><\/p>\n<h2 style=\"text-align: center;\"><span data-contrast=\"none\" lang=\"ES-ES\"><span data-contrast=\"none\" lang=\"ES-ES\"><span data-contrast=\"none\" lang=\"ES-ES\">Nossos <span style=\"--tcb-applied-color: var$(--tcb-color-4) !important; color: var(--tcb-color-4) !important;\">Valores<\/span><\/span><\/span><\/span><\/h2>\n<p><span><img decoding=\"async\" alt=\"\" data-id=\"1719\" width=\"70\" data-init-width=\"256\" height=\"70\" data-init-height=\"256\" title=\"protesta\" loading=\"lazy\" src=\"https:\/\/twind.io\/pt\/wp-content\/uploads\/2025\/04\/protesta.png\" data-width=\"70\" data-height=\"70\" style=\"aspect-ratio: auto 256 \/ 256;\"><\/span><\/p>\n<p style=\"text-align: center;\"><strong>Demonstramos ownership<\/strong><\/p>\n<p style=\"text-align: center;\"><strong><\/strong><\/p>\n<p><span><img decoding=\"async\" alt=\"\" data-id=\"1716\" width=\"70\" data-init-width=\"256\" height=\"70\" data-init-height=\"256\" title=\"bombilla-de-idea\" loading=\"lazy\" src=\"https:\/\/twind.io\/pt\/wp-content\/uploads\/2025\/04\/bombilla-de-idea.png\" data-width=\"70\" data-height=\"70\" style=\"aspect-ratio: auto 256 \/ 256;\"><\/span><\/p>\n<p style=\"text-align: center;\"><strong>Priorizamos o crescimento<\/strong><\/p>\n<p style=\"text-align: center;\"><strong><\/strong><\/p>\n<p><span><img decoding=\"async\" alt=\"\" data-id=\"1717\" width=\"70\" data-init-width=\"256\" height=\"70\" data-init-height=\"256\" title=\"clasificacion\" loading=\"lazy\" src=\"https:\/\/twind.io\/pt\/wp-content\/uploads\/2025\/04\/clasificacion.png\" data-width=\"70\" data-height=\"70\" style=\"aspect-ratio: auto 256 \/ 256;\"><\/span><\/p>\n<p style=\"text-align: center;\"><strong>Colocamos o cliente em primeiro lugar<\/strong><\/p>\n<p><span><img decoding=\"async\" alt=\"\" data-id=\"1718\" width=\"70\" data-init-width=\"256\" height=\"70\" data-init-height=\"256\" title=\"creatividad (1)\" loading=\"lazy\" src=\"https:\/\/twind.io\/pt\/wp-content\/uploads\/2025\/04\/creatividad-1.png\" data-width=\"70\" data-height=\"70\" style=\"aspect-ratio: auto 256 \/ 256;\"><\/span><\/p>\n<p style=\"text-align: center;\"><strong>Somos entusiastas<\/strong><\/p>\n<p style=\"text-align: center;\"><strong><\/strong><\/p>\n<p><span><img decoding=\"async\" alt=\"\" data-id=\"1720\" width=\"70\" data-init-width=\"256\" height=\"70\" data-init-height=\"256\" title=\"solucion\" loading=\"lazy\" src=\"https:\/\/twind.io\/pt\/wp-content\/uploads\/2025\/04\/solucion.png\" data-width=\"70\" data-height=\"70\" style=\"aspect-ratio: auto 256 \/ 256;\"><\/span><\/p>\n<p style=\"text-align: center;\"><strong>Resolvemos!<\/strong><\/p>\n<p style=\"text-align: center;\"><strong><\/strong><\/p>\n<h2 style=\"\"><span style=\"\">Mais de 20 anos de experi\u00eancia<\/span><\/h2>\n<h2 style=\"\"><span data-contrast=\"none\" lang=\"ES-ES\"><span data-contrast=\"none\" lang=\"ES-ES\"><span data-contrast=\"none\" lang=\"ES-ES\">Nova plataforma, o mesmo compromisso<\/span><\/span><\/span><\/h2>\n<p><span style=\"--tcb-applied-color: var$(--tcb-skin-color-22) !important; color: var(--tcb-skin-color-22) !important;\">Ap\u00f3s a sua ado\u00e7\u00e3o na Am\u00e9rica Latina e em It\u00e1lia, <strong>Twind<\/strong> demonstrou a sua capacidade de transformar a gest\u00e3o documental. Agora, chega a Portugal com uma proposta renovada, preparada para levar a gest\u00e3o SST dos fornecedores a outro n\u00edvel.<\/span><\/p>\n<p style=\"\"><span style=\"--tcb-applied-color: var$(--tcb-skin-color-22) !important; color: var(--tcb-skin-color-22) !important;\">Se j\u00e1 \u00e9s cliente da <strong>CTAIMACAE<\/strong> ou da <strong>e-coordina<\/strong>, descobre tudo sobre a atualiza\u00e7\u00e3o <\/span><a href=\"https:\/\/twind.io\/pt\/ctaima-ecoordina-evoluimos-para-twind\/\" target=\"_blank\" style=\"outline: none;\"><strong><span style=\"--tcb-applied-color: var$(--tcb-skin-color-22) !important; color: var(--tcb-skin-color-22) !important;\">aqui<\/span><\/strong><\/a><span style=\"--tcb-applied-color: var$(--tcb-skin-color-22) !important; color: var(--tcb-skin-color-22) !important;\">.<\/span><\/p>\n<p><span style=\"\"><img decoding=\"async\" alt=\"\" data-id=\"1696\" title=\"Twind\" loading=\"lazy\" src=\"https:\/\/twind.io\/pt\/wp-content\/uploads\/2025\/04\/Group-528.png\" data-link-wrap=\"true\" data-width=\"790\" width=\"790\" data-height=\"419\" data-init-width=\"1366\" height=\"419\" data-init-height=\"725\" style=\"aspect-ratio: auto 1366 \/ 725;\" ml-d=\"-105\" mt-d=\"0\" center-h-d=\"false\" ml-m=\"-49\" mt-m=\"0\" center-h-m=\"false\"><\/span><span><img decoding=\"async\" alt=\"ISO 9001\" data-id=\"726\" width=\"115\" data-init-width=\"1000\" height=\"117\" data-init-height=\"1021\" title=\"ISO 9001\" loading=\"lazy\" src=\"https:\/\/twind.io\/mx\/wp-content\/uploads\/2023\/04\/ISO_9001-2015.webp\" data-width=\"115\" style=\"aspect-ratio: auto 1000 \/ 1021;\" data-height=\"117\"><\/span><span><img decoding=\"async\" alt=\"ISO 27001\" data-id=\"736\" width=\"195\" data-init-width=\"650\" height=\"120\" data-init-height=\"400\" title=\"ISO 27001\" loading=\"lazy\" src=\"https:\/\/twind.io\/mx\/wp-content\/uploads\/2023\/04\/ISO-27001.webp\" data-width=\"195\" style=\"aspect-ratio: auto 650 \/ 400;\" data-height=\"120\"><\/span><span><img decoding=\"async\" alt=\"ISO 45001\" data-id=\"739\" width=\"150\" data-init-width=\"646\" height=\"651\" data-init-height=\"651\" title=\"ISO 45001\" loading=\"lazy\" src=\"https:\/\/twind.io\/mx\/wp-content\/uploads\/2023\/04\/iso-45001.webp\" data-width=\"150\" style=\"aspect-ratio: auto 646 \/ 651;\"><\/span><span><img decoding=\"async\" alt=\"PYME innovadora\" data-id=\"793\" width=\"150\" data-init-width=\"230\" height=\"196\" data-init-height=\"300\" title=\"PYME innovadora\" loading=\"lazy\" src=\"https:\/\/twind.io\/mx\/wp-content\/uploads\/2023\/04\/pyme_innovadora_meic-SP_web-230x300-1.webp\" data-width=\"150\" style=\"aspect-ratio: auto 230 \/ 300;\" data-height=\"196\"><\/span><span><img decoding=\"async\" alt=\"Premio Empresa Feliz\" data-id=\"731\" width=\"198\" data-init-width=\"300\" height=\"300\" data-init-height=\"300\" title=\"Premio Empresa Feliz\" loading=\"lazy\" src=\"https:\/\/twind.io\/mx\/wp-content\/uploads\/2023\/04\/premioEmpresaFeliz.webp\" data-width=\"198\" style=\"aspect-ratio: auto 300 \/ 300;\"><\/span><span><img decoding=\"async\" alt=\"Gold Parthner Microsoft\" data-id=\"791\" width=\"198\" data-init-width=\"300\" height=\"198\" data-init-height=\"300\" title=\"Gold Parthner Microsoft\" loading=\"lazy\" src=\"https:\/\/twind.io\/mx\/wp-content\/uploads\/2023\/04\/gold-parthner-microsoft.webp\" data-width=\"198\" style=\"aspect-ratio: auto 300 \/ 300;\" data-height=\"198\"><\/span><\/p>\n","protected":false},"excerpt":{"rendered":"<p>Ajudamos a construir um processo de contrata\u00e7\u00e3o mais seguro e sustent\u00e1vel Por que o fazemos Ser T\u00e9cnico de Seguran\u00e7a e Sa\u00fade de Trabalho \u00e9 um desafio constante: situa\u00e7\u00f5es de risco e alta responsabilidade, mudan\u00e7as na legisla\u00e7\u00e3o, fatores humanos, gest\u00e3o de pessoas, processos burocr\u00e1ticos, elevada press\u00e3o\u2026 E tudo isto a partir de uma posi\u00e7\u00e3o muitas vezes [&hellip;]<\/p>\n","protected":false},"author":1,"featured_media":203,"parent":0,"menu_order":0,"comment_status":"closed","ping_status":"closed","template":"","meta":{"content-type":"","footnotes":""},"class_list":["post-769","page","type-page","status-publish","has-post-thumbnail","hentry","post-wrapper","thrv_wrapper"],"yoast_head":"<!-- This site is optimized with the Yoast SEO plugin v27.2 - https:\/\/yoast.com\/product\/yoast-seo-wordpress\/ -->\n<title>Sobre N\u00f3s - Twind - Software Gest\u00e3o Documental de Fornecedores<\/title>\n<meta name=\"description\" content=\"Sobre N\u00f3s o mellor Software Gest\u00e3o Documental de Fornecedores\" \/>\n<meta name=\"robots\" content=\"index, follow, max-snippet:-1, max-image-preview:large, max-video-preview:-1\" \/>\n<link rel=\"canonical\" href=\"https:\/\/twind.io\/pt\/sobre-nos\/\" \/>\n<meta property=\"og:locale\" content=\"pt_PT\" \/>\n<meta property=\"og:type\" content=\"article\" \/>\n<meta property=\"og:title\" content=\"Sobre N\u00f3s - Twind - Software Gest\u00e3o Documental de Fornecedores\" \/>\n<meta property=\"og:description\" content=\"Sobre N\u00f3s o mellor Software Gest\u00e3o Documental de Fornecedores\" \/>\n<meta property=\"og:url\" content=\"https:\/\/twind.io\/pt\/sobre-nos\/\" \/>\n<meta property=\"og:site_name\" content=\"Software Gest\u00e3o Documental de Fornecedores\" \/>\n<meta property=\"article:modified_time\" content=\"2025-12-01T12:49:31+00:00\" \/>\n<meta name=\"twitter:card\" content=\"summary_large_image\" \/>\n<meta name=\"twitter:label1\" content=\"Tempo estimado de leitura\" \/>\n\t<meta name=\"twitter:data1\" content=\"4 minutos\" \/>\n<script type=\"application\/ld+json\" class=\"yoast-schema-graph\">{\"@context\":\"https:\/\/schema.org\",\"@graph\":[{\"@type\":\"WebPage\",\"@id\":\"https:\/\/twind.io\/pt\/sobre-nos\/\",\"url\":\"https:\/\/twind.io\/pt\/sobre-nos\/\",\"name\":\"Sobre N\u00f3s - Twind - Software Gest\u00e3o Documental de Fornecedores\",\"isPartOf\":{\"@id\":\"https:\/\/twind.io\/pt\/#website\"},\"primaryImageOfPage\":{\"@id\":\"https:\/\/twind.io\/pt\/sobre-nos\/#primaryimage\"},\"image\":{\"@id\":\"https:\/\/twind.io\/pt\/sobre-nos\/#primaryimage\"},\"thumbnailUrl\":\"https:\/\/twind.io\/pt\/wp-content\/uploads\/2023\/04\/1-built-for-multi.svg\",\"datePublished\":\"2023-04-27T11:53:20+00:00\",\"dateModified\":\"2025-12-01T12:49:31+00:00\",\"description\":\"Sobre N\u00f3s o mellor Software Gest\u00e3o Documental de Fornecedores\",\"breadcrumb\":{\"@id\":\"https:\/\/twind.io\/pt\/sobre-nos\/#breadcrumb\"},\"inLanguage\":\"pt-PT\",\"potentialAction\":[{\"@type\":\"ReadAction\",\"target\":[\"https:\/\/twind.io\/pt\/sobre-nos\/\"]}]},{\"@type\":\"ImageObject\",\"inLanguage\":\"pt-PT\",\"@id\":\"https:\/\/twind.io\/pt\/sobre-nos\/#primaryimage\",\"url\":\"https:\/\/twind.io\/pt\/wp-content\/uploads\/2023\/04\/1-built-for-multi.svg\",\"contentUrl\":\"https:\/\/twind.io\/pt\/wp-content\/uploads\/2023\/04\/1-built-for-multi.svg\",\"caption\":\"Twind\"},{\"@type\":\"BreadcrumbList\",\"@id\":\"https:\/\/twind.io\/pt\/sobre-nos\/#breadcrumb\",\"itemListElement\":[{\"@type\":\"ListItem\",\"position\":1,\"name\":\"Portada\",\"item\":\"https:\/\/twind.io\/pt\/\"},{\"@type\":\"ListItem\",\"position\":2,\"name\":\"Sobre N\u00f3s\"}]},{\"@type\":\"WebSite\",\"@id\":\"https:\/\/twind.io\/pt\/#website\",\"url\":\"https:\/\/twind.io\/pt\/\",\"name\":\"Software Gest\u00e3o Documental de Fornecedores\",\"description\":\"Software Gest\u00e3o Documental de Fornecedores e preven\u00e7\u00e3o da seguran\u00e7a e da sa\u00fade no trabalho\",\"potentialAction\":[{\"@type\":\"SearchAction\",\"target\":{\"@type\":\"EntryPoint\",\"urlTemplate\":\"https:\/\/twind.io\/pt\/?s={search_term_string}\"},\"query-input\":{\"@type\":\"PropertyValueSpecification\",\"valueRequired\":true,\"valueName\":\"search_term_string\"}}],\"inLanguage\":\"pt-PT\"}]}<\/script>\n<!-- \/ Yoast SEO plugin. -->","yoast_head_json":{"title":"Sobre N\u00f3s - Twind - Software Gest\u00e3o Documental de Fornecedores","description":"Sobre N\u00f3s o mellor Software Gest\u00e3o Documental de Fornecedores","robots":{"index":"index","follow":"follow","max-snippet":"max-snippet:-1","max-image-preview":"max-image-preview:large","max-video-preview":"max-video-preview:-1"},"canonical":"https:\/\/twind.io\/pt\/sobre-nos\/","og_locale":"pt_PT","og_type":"article","og_title":"Sobre N\u00f3s - Twind - Software Gest\u00e3o Documental de Fornecedores","og_description":"Sobre N\u00f3s o mellor Software Gest\u00e3o Documental de Fornecedores","og_url":"https:\/\/twind.io\/pt\/sobre-nos\/","og_site_name":"Software Gest\u00e3o Documental de Fornecedores","article_modified_time":"2025-12-01T12:49:31+00:00","twitter_card":"summary_large_image","twitter_misc":{"Tempo estimado de leitura":"4 minutos"},"schema":{"@context":"https:\/\/schema.org","@graph":[{"@type":"WebPage","@id":"https:\/\/twind.io\/pt\/sobre-nos\/","url":"https:\/\/twind.io\/pt\/sobre-nos\/","name":"Sobre N\u00f3s - Twind - Software Gest\u00e3o Documental de Fornecedores","isPartOf":{"@id":"https:\/\/twind.io\/pt\/#website"},"primaryImageOfPage":{"@id":"https:\/\/twind.io\/pt\/sobre-nos\/#primaryimage"},"image":{"@id":"https:\/\/twind.io\/pt\/sobre-nos\/#primaryimage"},"thumbnailUrl":"https:\/\/twind.io\/pt\/wp-content\/uploads\/2023\/04\/1-built-for-multi.svg","datePublished":"2023-04-27T11:53:20+00:00","dateModified":"2025-12-01T12:49:31+00:00","description":"Sobre N\u00f3s o mellor Software Gest\u00e3o Documental de Fornecedores","breadcrumb":{"@id":"https:\/\/twind.io\/pt\/sobre-nos\/#breadcrumb"},"inLanguage":"pt-PT","potentialAction":[{"@type":"ReadAction","target":["https:\/\/twind.io\/pt\/sobre-nos\/"]}]},{"@type":"ImageObject","inLanguage":"pt-PT","@id":"https:\/\/twind.io\/pt\/sobre-nos\/#primaryimage","url":"https:\/\/twind.io\/pt\/wp-content\/uploads\/2023\/04\/1-built-for-multi.svg","contentUrl":"https:\/\/twind.io\/pt\/wp-content\/uploads\/2023\/04\/1-built-for-multi.svg","caption":"Twind"},{"@type":"BreadcrumbList","@id":"https:\/\/twind.io\/pt\/sobre-nos\/#breadcrumb","itemListElement":[{"@type":"ListItem","position":1,"name":"Portada","item":"https:\/\/twind.io\/pt\/"},{"@type":"ListItem","position":2,"name":"Sobre N\u00f3s"}]},{"@type":"WebSite","@id":"https:\/\/twind.io\/pt\/#website","url":"https:\/\/twind.io\/pt\/","name":"Software Gest\u00e3o Documental de Fornecedores","description":"Software Gest\u00e3o Documental de Fornecedores e preven\u00e7\u00e3o da seguran\u00e7a e da sa\u00fade no trabalho","potentialAction":[{"@type":"SearchAction","target":{"@type":"EntryPoint","urlTemplate":"https:\/\/twind.io\/pt\/?s={search_term_string}"},"query-input":{"@type":"PropertyValueSpecification","valueRequired":true,"valueName":"search_term_string"}}],"inLanguage":"pt-PT"}]}},"_links":{"self":[{"href":"https:\/\/twind.io\/pt\/wp-json\/wp\/v2\/pages\/769","targetHints":{"allow":["GET"]}}],"collection":[{"href":"https:\/\/twind.io\/pt\/wp-json\/wp\/v2\/pages"}],"about":[{"href":"https:\/\/twind.io\/pt\/wp-json\/wp\/v2\/types\/page"}],"author":[{"embeddable":true,"href":"https:\/\/twind.io\/pt\/wp-json\/wp\/v2\/users\/1"}],"replies":[{"embeddable":true,"href":"https:\/\/twind.io\/pt\/wp-json\/wp\/v2\/comments?post=769"}],"version-history":[{"count":52,"href":"https:\/\/twind.io\/pt\/wp-json\/wp\/v2\/pages\/769\/revisions"}],"predecessor-version":[{"id":2623,"href":"https:\/\/twind.io\/pt\/wp-json\/wp\/v2\/pages\/769\/revisions\/2623"}],"wp:featuredmedia":[{"embeddable":true,"href":"https:\/\/twind.io\/pt\/wp-json\/wp\/v2\/media\/203"}],"wp:attachment":[{"href":"https:\/\/twind.io\/pt\/wp-json\/wp\/v2\/media?parent=769"}],"curies":[{"name":"wp","href":"https:\/\/api.w.org\/{rel}","templated":true}]}}